{"id":3418,"date":"2021-10-14T10:23:58","date_gmt":"2021-10-14T10:23:58","guid":{"rendered":"https:\/\/mws-group.pt\/?page_id=3418"},"modified":"2023-09-18T11:30:37","modified_gmt":"2023-09-18T11:30:37","slug":"general-conditions","status":"publish","type":"page","link":"https:\/\/mws-group.pt\/en\/general-conditions\/","title":{"rendered":"General Conditions"},"content":{"rendered":"<div id=\"pl-3418\"  class=\"panel-layout\" ><div id=\"pg-3418-0\"  class=\"panel-grid panel-no-style\" ><div id=\"pgc-3418-0-0\"  class=\"panel-grid-cell\" ><div id=\"panel-3418-0-0-0\" class=\"so-panel widget widget_sow-editor panel-first-child panel-last-child\" data-index=\"0\" ><div\n\t\t\t\n\t\t\tclass=\"so-widget-sow-editor so-widget-sow-editor-base\"\n\t\t\t\n\t\t><h3 class=\"widget-title\"><span class=\"widget-title__inline\">General Conditions<\/span><\/h3>\n<div class=\"siteorigin-widget-tinymce textwidget\">\n\t<p style=\"text-align: justify;\"All proposals or services, as well as any contractual relationship(s) established with any of the companies belonging to MWS - Master Welding Solutions, Lda. both the company and the customer will be governed by these general service conditions, except in case of non-compliance with legal requirements or a written agreement between \u2063\u2063 the parties to the contrary.<\/p>\n<p style=\"text-align: justify;\">Except in the case of MWS - Master Welding Solutions, Lda. otherwise instructed in writing by the customer , no other party has the right to provide instructions, particularly in the scope of services or delivery of reports or certificates resulting from them.<\/p>\n<p style=\"text-align: justify;\">Please find below the document containing the General Service Conditions.<\/p>\n<\/div>\n<\/div><\/div><\/div><\/div><div id=\"pg-3418-1\"  class=\"panel-grid panel-no-style\" ><div id=\"pgc-3418-1-0\"  class=\"panel-grid-cell panel-grid-cell-mobile-last\" ><div id=\"panel-3418-1-0-0\" class=\"so-panel widget widget_pw_brochure_box widget-brochure-box panel-first-child panel-last-child\" data-index=\"1\" ><div class=\"panel-widget-style panel-widget-style-for-3418-1-0-0\" >\n\t<a class=\"brochure-box\" href=\"https:\/\/mws-group.pt\/wp-content\/uploads\/2016\/09\/Condicoes_Gerais_Servico.pdf\" target=\"_blank\">\n\t\t<span class=\"brochure-box__icon\"><i class=\"fa  fa-file-pdf-o\"><\/i><\/span>\n\t\t<h5 class=\"brochure-box__text\">Condi\u00e7\u00f5es Gerais de Servi\u00e7o<\/h5>\n\t<\/a>\n\n<\/div><\/div><\/div><div id=\"pgc-3418-1-1\"  class=\"panel-grid-cell panel-grid-cell-empty\" ><\/div><\/div><\/div>","protected":false},"excerpt":{"rendered":"<p>General Conditions<\/p>\n","protected":false},"author":1,"featured_media":0,"parent":0,"menu_order":0,"comment_status":"closed","ping_status":"closed","template":"","meta":{"_mi_skip_tracking":false,"_monsterinsights_sitenote_active":false,"_monsterinsights_sitenote_note":"","_monsterinsights_sitenote_category":0,"footnotes":""},"acf":[],"yoast_head":"<!-- This site is optimized with the Yoast SEO plugin v21.1 - https:\/\/yoast.com\/wordpress\/plugins\/seo\/ -->\n<title>General Conditions - MWS Group<\/title>\n<meta name=\"robots\" content=\"index, follow, max-snippet:-1, max-image-preview:large, max-video-preview:-1\" \/>\n<link rel=\"canonical\" href=\"https:\/\/mws-group.pt\/en\/general-conditions\/\" \/>\n<meta property=\"og:locale\" content=\"en_US\" \/>\n<meta property=\"og:type\" content=\"article\" \/>\n<meta property=\"og:title\" content=\"General Conditions - MWS Group\" \/>\n<meta property=\"og:description\" content=\"General Conditions\" \/>\n<meta property=\"og:url\" content=\"https:\/\/mws-group.pt\/en\/general-conditions\/\" \/>\n<meta property=\"og:site_name\" content=\"MWS Group\" \/>\n<meta property=\"article:modified_time\" content=\"2023-09-18T11:30:37+00:00\" \/>\n<meta name=\"twitter:card\" content=\"summary_large_image\" \/>\n<meta name=\"twitter:label1\" content=\"Est. reading time\" \/>\n\t<meta name=\"twitter:data1\" content=\"1 minute\" \/>\n<script type=\"application\/ld+json\" class=\"yoast-schema-graph\">{\"@context\":\"https:\/\/schema.org\",\"@graph\":[{\"@type\":\"WebPage\",\"@id\":\"https:\/\/mws-group.pt\/en\/general-conditions\/\",\"url\":\"https:\/\/mws-group.pt\/en\/general-conditions\/\",\"name\":\"General Conditions - MWS Group\",\"isPartOf\":{\"@id\":\"https:\/\/mws-group.pt\/en\/#website\"},\"datePublished\":\"2021-10-14T10:23:58+00:00\",\"dateModified\":\"2023-09-18T11:30:37+00:00\",\"breadcrumb\":{\"@id\":\"https:\/\/mws-group.pt\/en\/general-conditions\/#breadcrumb\"},\"inLanguage\":\"en-US\",\"potentialAction\":[{\"@type\":\"ReadAction\",\"target\":[\"https:\/\/mws-group.pt\/en\/general-conditions\/\"]}]},{\"@type\":\"BreadcrumbList\",\"@id\":\"https:\/\/mws-group.pt\/en\/general-conditions\/#breadcrumb\",\"itemListElement\":[{\"@type\":\"ListItem\",\"position\":1,\"name\":\"In\u00edcio\",\"item\":\"https:\/\/mws-group.pt\/en\/\"},{\"@type\":\"ListItem\",\"position\":2,\"name\":\"General Conditions\"}]},{\"@type\":\"WebSite\",\"@id\":\"https:\/\/mws-group.pt\/en\/#website\",\"url\":\"https:\/\/mws-group.pt\/en\/\",\"name\":\"MWS Group\",\"description\":\"\",\"publisher\":{\"@id\":\"https:\/\/mws-group.pt\/en\/#organization\"},\"potentialAction\":[{\"@type\":\"SearchAction\",\"target\":{\"@type\":\"EntryPoint\",\"urlTemplate\":\"https:\/\/mws-group.pt\/en\/?s={search_term_string}\"},\"query-input\":\"required name=search_term_string\"}],\"inLanguage\":\"en-US\"},{\"@type\":\"Organization\",\"@id\":\"https:\/\/mws-group.pt\/en\/#organization\",\"name\":\"MWS Group\",\"url\":\"https:\/\/mws-group.pt\/en\/\",\"logo\":{\"@type\":\"ImageObject\",\"inLanguage\":\"en-US\",\"@id\":\"https:\/\/mws-group.pt\/en\/#\/schema\/logo\/image\/\",\"url\":\"https:\/\/mws-group.pt\/wp-content\/uploads\/2016\/06\/MWS-Group_445x217.png\",\"contentUrl\":\"https:\/\/mws-group.pt\/wp-content\/uploads\/2016\/06\/MWS-Group_445x217.png\",\"width\":445,\"height\":217,\"caption\":\"MWS Group\"},\"image\":{\"@id\":\"https:\/\/mws-group.pt\/en\/#\/schema\/logo\/image\/\"}}]}<\/script>\n<!-- \/ Yoast SEO plugin. -->","yoast_head_json":{"title":"General Conditions - MWS Group","robots":{"index":"index","follow":"follow","max-snippet":"max-snippet:-1","max-image-preview":"max-image-preview:large","max-video-preview":"max-video-preview:-1"},"canonical":"https:\/\/mws-group.pt\/en\/general-conditions\/","og_locale":"en_US","og_type":"article","og_title":"General Conditions - MWS Group","og_description":"General Conditions","og_url":"https:\/\/mws-group.pt\/en\/general-conditions\/","og_site_name":"MWS Group","article_modified_time":"2023-09-18T11:30:37+00:00","twitter_card":"summary_large_image","twitter_misc":{"Est. reading time":"1 minute"},"schema":{"@context":"https:\/\/schema.org","@graph":[{"@type":"WebPage","@id":"https:\/\/mws-group.pt\/en\/general-conditions\/","url":"https:\/\/mws-group.pt\/en\/general-conditions\/","name":"General Conditions - MWS Group","isPartOf":{"@id":"https:\/\/mws-group.pt\/en\/#website"},"datePublished":"2021-10-14T10:23:58+00:00","dateModified":"2023-09-18T11:30:37+00:00","breadcrumb":{"@id":"https:\/\/mws-group.pt\/en\/general-conditions\/#breadcrumb"},"inLanguage":"en-US","potentialAction":[{"@type":"ReadAction","target":["https:\/\/mws-group.pt\/en\/general-conditions\/"]}]},{"@type":"BreadcrumbList","@id":"https:\/\/mws-group.pt\/en\/general-conditions\/#breadcrumb","itemListElement":[{"@type":"ListItem","position":1,"name":"In\u00edcio","item":"https:\/\/mws-group.pt\/en\/"},{"@type":"ListItem","position":2,"name":"General Conditions"}]},{"@type":"WebSite","@id":"https:\/\/mws-group.pt\/en\/#website","url":"https:\/\/mws-group.pt\/en\/","name":"MWS Group","description":"","publisher":{"@id":"https:\/\/mws-group.pt\/en\/#organization"},"potentialAction":[{"@type":"SearchAction","target":{"@type":"EntryPoint","urlTemplate":"https:\/\/mws-group.pt\/en\/?s={search_term_string}"},"query-input":"required name=search_term_string"}],"inLanguage":"en-US"},{"@type":"Organization","@id":"https:\/\/mws-group.pt\/en\/#organization","name":"MWS Group","url":"https:\/\/mws-group.pt\/en\/","logo":{"@type":"ImageObject","inLanguage":"en-US","@id":"https:\/\/mws-group.pt\/en\/#\/schema\/logo\/image\/","url":"https:\/\/mws-group.pt\/wp-content\/uploads\/2016\/06\/MWS-Group_445x217.png","contentUrl":"https:\/\/mws-group.pt\/wp-content\/uploads\/2016\/06\/MWS-Group_445x217.png","width":445,"height":217,"caption":"MWS Group"},"image":{"@id":"https:\/\/mws-group.pt\/en\/#\/schema\/logo\/image\/"}}]}},"_links":{"self":[{"href":"https:\/\/mws-group.pt\/en\/wp-json\/wp\/v2\/pages\/3418"}],"collection":[{"href":"https:\/\/mws-group.pt\/en\/wp-json\/wp\/v2\/pages"}],"about":[{"href":"https:\/\/mws-group.pt\/en\/wp-json\/wp\/v2\/types\/page"}],"author":[{"embeddable":true,"href":"https:\/\/mws-group.pt\/en\/wp-json\/wp\/v2\/users\/1"}],"replies":[{"embeddable":true,"href":"https:\/\/mws-group.pt\/en\/wp-json\/wp\/v2\/comments?post=3418"}],"version-history":[{"count":17,"href":"https:\/\/mws-group.pt\/en\/wp-json\/wp\/v2\/pages\/3418\/revisions"}],"predecessor-version":[{"id":4454,"href":"https:\/\/mws-group.pt\/en\/wp-json\/wp\/v2\/pages\/3418\/revisions\/4454"}],"wp:attachment":[{"href":"https:\/\/mws-group.pt\/en\/wp-json\/wp\/v2\/media?parent=3418"}],"curies":[{"name":"wp","href":"https:\/\/api.w.org\/{rel}","templated":true}]}}