{"id":3423,"date":"2021-10-14T10:31:51","date_gmt":"2021-10-14T10:31:51","guid":{"rendered":"https:\/\/mws-group.pt\/?page_id=3423"},"modified":"2023-04-17T11:47:01","modified_gmt":"2023-04-17T11:47:01","slug":"contacts","status":"publish","type":"page","link":"https:\/\/mws-group.pt\/en\/contacts\/","title":{"rendered":"Contacts"},"content":{"rendered":"<div id=\"pl-3423\"  class=\"panel-layout\" ><div id=\"pg-3423-0\"  class=\"panel-grid panel-has-style\" ><div class=\"siteorigin-panels-stretch panel-row-style panel-row-style-for-3423-0\" data-stretch-type=\"full-stretched\" ><div id=\"pgc-3423-0-0\"  class=\"panel-grid-cell panel-grid-cell-empty\" ><\/div><div id=\"pgc-3423-0-1\"  class=\"panel-grid-cell\" ><div id=\"panel-3423-0-1-0\" class=\"so-panel widget widget_sow-editor panel-first-child panel-last-child\" data-index=\"0\" ><div class=\"panel-widget-style panel-widget-style-for-3423-0-1-0\" ><div\n\t\t\t\n\t\t\tclass=\"so-widget-sow-editor so-widget-sow-editor-base\"\n\t\t\t\n\t\t>\n<div class=\"siteorigin-widget-tinymce textwidget\">\n\t<style type=\"text\/css\" id=\"gmpMapStyles_1_92970\">\r\n\t#google_map_easy_1_92970 {\r\n        width: 100%;\r\n        height: 450px;\r\n\t\t\t\t\t\t    }\r\n\t#gmapControlsNum_1_92970 {\r\n\t\twidth:100%\t}\r\n\t.gmpMapDetailsContainer#gmpMapDetailsContainer_1_92970 {\r\n\t\theight:450px;\r\n\t}\r\n\t.gmp_MapPreview#google_map_easy_1_92970 {\r\n\t\t\/*position:absolute;*\/\r\n\t\twidth: 100%;\r\n\t}\r\n\t#mapConElem_1_92970{\r\n\t\twidth: 100%\t}\r\n    .gm-style .gm-style-iw-c{\r\n        padding: 12px!important;\r\n    }\r\n\t    <\/style>\r\n <div class=\"gmp_map_opts\" id=\"mapConElem_1_92970\" data-id=\"1\" data-view-id=\"1_92970\" > <div class=\"gmpMapDetailsContainer\" id=\"gmpMapDetailsContainer_1_92970\"> <i class=\"gmpKMLLayersPreloader fa fa-spinner fa-spin\" aria-hidden=\"true\" style=\"display: none;\"><\/i> <div class=\"gmp_MapPreview \" id=\"google_map_easy_1_92970\"><\/div> <\/div> <div class=\"gmpMapMarkerFilters\" id=\"gmpMapMarkerFilters_1_92970\"> <\/div> <div class=\"gmpMapProControlsCon\" id=\"gmpMapProControlsCon_1_92970\"> <a title=\"WordPress Google Maps Plugin\" style=\"display:none;\" href=\"https:\/\/supsystic.com\/plugins\/google-maps-plugin\/?utm_medium=love_link_hide\" target=\"_blank\">WordPress Google Maps Plugin<\/a><div style=\"clear: both;\"><\/div> <\/div> <div class=\"gmpMapProDirectionsCon\" id=\"gmpMapProDirectionsCon_1_92970\" > <\/div> <div class=\"gmpMapProKmlFilterCon\" id=\"gmpMapProKmlFilterCon_1_92970\" > <\/div> <div class=\"gmpSocialSharingShell gmpSocialSharingShell_1_92970\"> <\/div> <div style=\"clear: both;\"><\/div> <\/div> \n<\/div>\n<\/div><\/div><\/div><\/div><div id=\"pgc-3423-0-2\"  class=\"panel-grid-cell panel-grid-cell-mobile-last\" ><div id=\"panel-3423-0-2-0\" class=\"so-panel widget widget_pw_contact_profile widget-contact-profile panel-first-child panel-last-child\" data-index=\"1\" ><div class=\"panel-widget-style panel-widget-style-for-3423-0-2-0\" >\t\t\t\t<div class=\"card  contact-profile\">\n\t\t\t\t\t\t\t\t\t\t<div class=\"card-block  contact-profile__container\">\n\t\t\t\t\t\t\t\t\t\t\t\t\t<div class=\"contact-profile__social-icons\">\n\t\t\t\t\t\t\t\t\t\t\t\t\t\t\t\t\t<a class=\"contact-profile__social-icon\" href=\"https:\/\/www.facebook.com\/MWSGroup.pt\" target=\"_blank\"><i class=\"fa  fa-facebook-square\"><\/i><\/a>\n\t\t\t\t\t\t\t\t\t\t\t\t\t\t\t\t\t<a class=\"contact-profile__social-icon\" href=\"https:\/\/www.linkedin.com\/company\/mws-group\" target=\"_blank\"><i class=\"fa  fa-linkedin-square\"><\/i><\/a>\n\t\t\t\t\t\t\t\t\t\t\t\t\t\t\t<\/div>\n\t\t\t\t\t\t\t\t\t\t\t\t\t\t\t\t\t\t\t<div class=\"contact-profile__items\">\n\t\t\t\t\t\t\t\t\t\t\t\t\t\t\t\t\t<div class=\"contact-profile__item\">\n\t\t\t\t\t\t\t\t\t\t<div class=\"contact-profile__icon\">\n\t\t\t\t\t\t\t\t\t\t\t<i class=\"fa  fa-map-marker\"><\/i>\n\t\t\t\t\t\t\t\t\t\t<\/div>\n\t\t\t\t\t\t\t\t\t\t<p class=\"contact-profile__text\">\n\t\t\t\t\t\t\t\t\t\t\t<a href=\"https:\/\/goo.gl\/maps\/J438WzRzGKkFCdUG7\" target=\"_blank\" rel=\"noopener\">Vougapark \u2013 Parque Tecnol\u00f3gico e de Inova\u00e7\u00e3o do Vouga<\/a><br>Lugar da Esta\u00e7\u00e3o 3740-070 Paradela <br> Sever do Vouga \u2013 Portugal\t\t\t\t\t\t\t\t\t\t<\/p>\n\t\t\t\t\t\t\t\t\t<\/div>\n\t\t\t\t\t\t\t\t\t\t\t\t\t\t\t\t\t<div class=\"contact-profile__item\">\n\t\t\t\t\t\t\t\t\t\t<div class=\"contact-profile__icon\">\n\t\t\t\t\t\t\t\t\t\t\t<i class=\"fa  fa-university\"><\/i>\n\t\t\t\t\t\t\t\t\t\t<\/div>\n\t\t\t\t\t\t\t\t\t\t<p class=\"contact-profile__text\">\n\t\t\t\t\t\t\t\t\t\t\t<a href=\"https:\/\/goo.gl\/maps\/GD46wE4fY3sKf1PdA\" target=\"_blank\" rel=\"noopener\">Rua Sacadura Cabral n\u00ba 198A Edf. Liberdade, Loja 1 e 2<\/a><br>3830-719 Gaf. da Nazar\u00e9<br>Aveiro \u2013 Portugal\t\t\t\t\t\t\t\t\t\t<\/p>\n\t\t\t\t\t\t\t\t\t<\/div>\n\t\t\t\t\t\t\t\t\t\t\t\t\t\t\t\t\t<div class=\"contact-profile__item\">\n\t\t\t\t\t\t\t\t\t\t<div class=\"contact-profile__icon\">\n\t\t\t\t\t\t\t\t\t\t\t<i class=\"fa  fa-phone\"><\/i>\n\t\t\t\t\t\t\t\t\t\t<\/div>\n\t\t\t\t\t\t\t\t\t\t<p class=\"contact-profile__text\">\n\t\t\t\t\t\t\t\t\t\t\t(+351) 234 597 294\t\t\t\t\t\t\t\t\t\t<\/p>\n\t\t\t\t\t\t\t\t\t<\/div>\n\t\t\t\t\t\t\t\t\t\t\t\t\t\t\t\t\t<div class=\"contact-profile__item\">\n\t\t\t\t\t\t\t\t\t\t<div class=\"contact-profile__icon\">\n\t\t\t\t\t\t\t\t\t\t\t<i class=\"fa  fa-mobile\"><\/i>\n\t\t\t\t\t\t\t\t\t\t<\/div>\n\t\t\t\t\t\t\t\t\t\t<p class=\"contact-profile__text\">\n\t\t\t\t\t\t\t\t\t\t\t(+351) 910 718 462 \/ (+351) 916 299 745\t\t\t\t\t\t\t\t\t\t<\/p>\n\t\t\t\t\t\t\t\t\t<\/div>\n\t\t\t\t\t\t\t\t\t\t\t\t\t\t\t\t\t<div class=\"contact-profile__item\">\n\t\t\t\t\t\t\t\t\t\t<div class=\"contact-profile__icon\">\n\t\t\t\t\t\t\t\t\t\t\t<i class=\"fa  fa-envelope\"><\/i>\n\t\t\t\t\t\t\t\t\t\t<\/div>\n\t\t\t\t\t\t\t\t\t\t<p class=\"contact-profile__text\">\n\t\t\t\t\t\t\t\t\t\t\tgeral@mws-group.pt\t\t\t\t\t\t\t\t\t\t<\/p>\n\t\t\t\t\t\t\t\t\t<\/div>\n\t\t\t\t\t\t\t\t\t\t\t\t\t\t\t<\/div>\n\t\t\t\t\t\t\t\t\t\t\t\t<div class=\"contact-profile__content\">\n\t\t\t\t\t\t\t\t\t\t\t\t\t<\/div>\n\t\t\t\t\t<\/div>\n\t\t\t\t<\/div>\n\n\t\t\t<\/div><\/div><\/div><div id=\"pgc-3423-0-3\"  class=\"panel-grid-cell panel-grid-cell-empty\" ><\/div><\/div><\/div><div id=\"pg-3423-1\"  class=\"panel-grid panel-has-style\" ><div class=\"siteorigin-panels-stretch panel-row-style panel-row-style-for-3423-1\" data-stretch-type=\"full-stretched\" ><div id=\"pgc-3423-1-0\"  class=\"panel-grid-cell panel-grid-cell-empty\" ><\/div><div id=\"pgc-3423-1-1\"  class=\"panel-grid-cell panel-grid-cell-mobile-last\" ><div id=\"panel-3423-1-1-0\" class=\"so-panel widget widget_sow-editor panel-first-child panel-last-child\" data-index=\"2\" ><div\n\t\t\t\n\t\t\tclass=\"so-widget-sow-editor so-widget-sow-editor-base\"\n\t\t\t\n\t\t><h3 class=\"widget-title\"><span class=\"widget-title__inline\">Contact us<\/span><\/h3>\n<div class=\"siteorigin-widget-tinymce textwidget\">\n\t\n<div class=\"wpcf7 no-js\" id=\"wpcf7-f4122-o1\" lang=\"en-US\" dir=\"ltr\">\n<div class=\"screen-reader-response\"><p role=\"status\" aria-live=\"polite\" aria-atomic=\"true\"><\/p> <ul><\/ul><\/div>\n<form action=\"\/en\/wp-json\/wp\/v2\/pages\/3423#wpcf7-f4122-o1\" method=\"post\" class=\"wpcf7-form init\" aria-label=\"Contact form\" novalidate=\"novalidate\" data-status=\"init\">\n<div style=\"display: none;\">\n<input type=\"hidden\" name=\"_wpcf7\" value=\"4122\" \/>\n<input type=\"hidden\" name=\"_wpcf7_version\" value=\"5.8\" \/>\n<input type=\"hidden\" name=\"_wpcf7_locale\" value=\"en_US\" \/>\n<input type=\"hidden\" name=\"_wpcf7_unit_tag\" value=\"wpcf7-f4122-o1\" \/>\n<input type=\"hidden\" name=\"_wpcf7_container_post\" value=\"0\" \/>\n<input type=\"hidden\" name=\"_wpcf7_posted_data_hash\" value=\"\" \/>\n<input type=\"hidden\" name=\"_wpcf7_recaptcha_response\" value=\"\" \/>\n<\/div>\n<div class=\"row\">\n\t<div class=\"col-xs-12 col-md-6\">\n\t\t<p><span class=\"wpcf7-form-control-wrap\" data-name=\"nome\"><input size=\"40\" class=\"wpcf7-form-control wpcf7-text wpcf7-validates-as-required form-control\" aria-required=\"true\" aria-invalid=\"false\" placeholder=\"Name *\" value=\"\" type=\"text\" name=\"nome\" \/><\/span>\n\t\t<\/p>\n\t<\/div>\n\t<div class=\"col-xs-12 col-md-6\">\n\t\t<p><span class=\"wpcf7-form-control-wrap\" data-name=\"subject\"><input size=\"40\" class=\"wpcf7-form-control wpcf7-text wpcf7-validates-as-required form-control\" aria-required=\"true\" aria-invalid=\"false\" placeholder=\"Subject*\" value=\"\" type=\"text\" name=\"subject\" \/><\/span>\n\t\t<\/p>\n\t<\/div>\n<\/div>\n<div class=\"row\">\n\t<div class=\"col-xs-12 col-md-6\">\n\t\t<p><span class=\"wpcf7-form-control-wrap\" data-name=\"email\"><input size=\"40\" class=\"wpcf7-form-control wpcf7-email wpcf7-validates-as-required wpcf7-text wpcf7-validates-as-email form-control\" aria-required=\"true\" aria-invalid=\"false\" placeholder=\"E-mail *\" value=\"\" type=\"email\" name=\"email\" \/><\/span>\n\t\t<\/p>\n\t<\/div>\n\t<div class=\"col-xs-12 col-md-6\">\n\t\t<p><span class=\"wpcf7-form-control-wrap\" data-name=\"tel-587\"><input size=\"40\" class=\"wpcf7-form-control wpcf7-tel wpcf7-validates-as-required wpcf7-text wpcf7-validates-as-tel form-control\" aria-required=\"true\" aria-invalid=\"false\" placeholder=\"Phone *\" value=\"\" type=\"tel\" name=\"tel-587\" \/><\/span>\n\t\t<\/p>\n\t<\/div>\n<\/div>\n<div class=\"row\">\n\t<div class=\"col-xs-12\">\n\t\t<p><span class=\"wpcf7-form-control-wrap\" data-name=\"message\"><textarea cols=\"40\" rows=\"10\" class=\"wpcf7-form-control wpcf7-textarea wpcf7-validates-as-required form-control\" aria-required=\"true\" aria-invalid=\"false\" placeholder=\"Message *\" name=\"message\"><\/textarea><\/span>\n\t\t<\/p>\n\t\t<div class=\"wpcf7-notice\">\n\t\t\t<p>All fields marked with * are mandatory.\n\t\t\t<\/p>\n\t\t<\/div>\n\t<\/div>\n<\/div>\n<div class=\"row\">\n\t<div class=\"col-xs-12\">\n\t\t<p><span class=\"wpcf7-form-control-wrap\" data-name=\"acceptance\"><span class=\"wpcf7-form-control wpcf7-acceptance\"><span class=\"wpcf7-list-item\"><label><input type=\"checkbox\" name=\"acceptance\" value=\"1\" aria-invalid=\"false\" \/><span class=\"wpcf7-list-item-label\">I authorize the processing and storage of the submitted information in accordance with the <a href=\"\/termos-e-condicoes\/\" target=\"_blank\">Terms and Conditions<\/a>.<\/span><\/label><\/span><\/span><\/span><br \/>\n\u00a0\n\t\t<\/p>\n\t<\/div>\n<\/div>\n<div class=\"row\">\n\t<div class=\"col-xs-12\">\n\t\t<p><input class=\"wpcf7-form-control wpcf7-submit has-spinner btn btn-primary\" type=\"submit\" value=\"SEND\" \/>\n\t\t<\/p>\n\t<\/div>\n<\/div><div class=\"wpcf7-response-output\" aria-hidden=\"true\"><\/div>\n<\/form>\n<\/div>\n\n<\/div>\n<\/div><\/div><\/div><div id=\"pgc-3423-1-2\"  class=\"panel-grid-cell panel-grid-cell-empty\" ><\/div><\/div><\/div><\/div>","protected":false},"excerpt":{"rendered":"<p>WordPress Google Maps Plugin Vougapark \u2013 Parque Tecnol\u00f3gico e de Inova\u00e7\u00e3o do VougaLugar da Esta\u00e7\u00e3o 3740-070 Paradela Sever do Vouga \u2013 Portugal Rua Sacadura Cabral n\u00ba 198A Edf. Liberdade, Loja 1 e 23830-719 Gaf. da Nazar\u00e9Aveiro \u2013 Portugal (+351) 234 597 294 (+351) 910 718 462 \/ (+351) 916 299 745 geral@mws-group.pt Contact us All &hellip;<\/p>\n","protected":false},"author":12,"featured_media":0,"parent":0,"menu_order":0,"comment_status":"closed","ping_status":"closed","template":"","meta":{"_mi_skip_tracking":false,"_monsterinsights_sitenote_active":false,"_monsterinsights_sitenote_note":"","_monsterinsights_sitenote_category":0,"footnotes":""},"acf":[],"yoast_head":"<!-- This site is optimized with the Yoast SEO plugin v21.1 - https:\/\/yoast.com\/wordpress\/plugins\/seo\/ -->\n<title>Contacts - MWS Group<\/title>\n<meta name=\"robots\" content=\"index, follow, max-snippet:-1, max-image-preview:large, max-video-preview:-1\" \/>\n<link rel=\"canonical\" href=\"https:\/\/mws-group.pt\/en\/contacts\/\" \/>\n<meta property=\"og:locale\" content=\"en_US\" \/>\n<meta property=\"og:type\" content=\"article\" \/>\n<meta property=\"og:title\" content=\"Contacts - MWS Group\" \/>\n<meta property=\"og:description\" content=\"WordPress Google Maps Plugin Vougapark \u2013 Parque Tecnol\u00f3gico e de Inova\u00e7\u00e3o do VougaLugar da Esta\u00e7\u00e3o 3740-070 Paradela Sever do Vouga \u2013 Portugal Rua Sacadura Cabral n\u00ba 198A Edf. Liberdade, Loja 1 e 23830-719 Gaf. da Nazar\u00e9Aveiro \u2013 Portugal (+351) 234 597 294 (+351) 910 718 462 \/ (+351) 916 299 745 geral@mws-group.pt Contact us All &hellip;\" \/>\n<meta property=\"og:url\" content=\"https:\/\/mws-group.pt\/en\/contacts\/\" \/>\n<meta property=\"og:site_name\" content=\"MWS Group\" \/>\n<meta property=\"article:modified_time\" content=\"2023-04-17T11:47:01+00:00\" \/>\n<meta name=\"twitter:card\" content=\"summary_large_image\" \/>\n<meta name=\"twitter:label1\" content=\"Est. reading time\" \/>\n\t<meta name=\"twitter:data1\" content=\"1 minute\" \/>\n<script type=\"application\/ld+json\" class=\"yoast-schema-graph\">{\"@context\":\"https:\/\/schema.org\",\"@graph\":[{\"@type\":\"WebPage\",\"@id\":\"https:\/\/mws-group.pt\/en\/contacts\/\",\"url\":\"https:\/\/mws-group.pt\/en\/contacts\/\",\"name\":\"Contacts - MWS Group\",\"isPartOf\":{\"@id\":\"https:\/\/mws-group.pt\/en\/#website\"},\"datePublished\":\"2021-10-14T10:31:51+00:00\",\"dateModified\":\"2023-04-17T11:47:01+00:00\",\"breadcrumb\":{\"@id\":\"https:\/\/mws-group.pt\/en\/contacts\/#breadcrumb\"},\"inLanguage\":\"en-US\",\"potentialAction\":[{\"@type\":\"ReadAction\",\"target\":[\"https:\/\/mws-group.pt\/en\/contacts\/\"]}]},{\"@type\":\"BreadcrumbList\",\"@id\":\"https:\/\/mws-group.pt\/en\/contacts\/#breadcrumb\",\"itemListElement\":[{\"@type\":\"ListItem\",\"position\":1,\"name\":\"In\u00edcio\",\"item\":\"https:\/\/mws-group.pt\/en\/\"},{\"@type\":\"ListItem\",\"position\":2,\"name\":\"Contacts\"}]},{\"@type\":\"WebSite\",\"@id\":\"https:\/\/mws-group.pt\/en\/#website\",\"url\":\"https:\/\/mws-group.pt\/en\/\",\"name\":\"MWS Group\",\"description\":\"\",\"publisher\":{\"@id\":\"https:\/\/mws-group.pt\/en\/#organization\"},\"potentialAction\":[{\"@type\":\"SearchAction\",\"target\":{\"@type\":\"EntryPoint\",\"urlTemplate\":\"https:\/\/mws-group.pt\/en\/?s={search_term_string}\"},\"query-input\":\"required name=search_term_string\"}],\"inLanguage\":\"en-US\"},{\"@type\":\"Organization\",\"@id\":\"https:\/\/mws-group.pt\/en\/#organization\",\"name\":\"MWS Group\",\"url\":\"https:\/\/mws-group.pt\/en\/\",\"logo\":{\"@type\":\"ImageObject\",\"inLanguage\":\"en-US\",\"@id\":\"https:\/\/mws-group.pt\/en\/#\/schema\/logo\/image\/\",\"url\":\"https:\/\/mws-group.pt\/wp-content\/uploads\/2016\/06\/MWS-Group_445x217.png\",\"contentUrl\":\"https:\/\/mws-group.pt\/wp-content\/uploads\/2016\/06\/MWS-Group_445x217.png\",\"width\":445,\"height\":217,\"caption\":\"MWS Group\"},\"image\":{\"@id\":\"https:\/\/mws-group.pt\/en\/#\/schema\/logo\/image\/\"}}]}<\/script>\n<!-- \/ Yoast SEO plugin. -->","yoast_head_json":{"title":"Contacts - MWS Group","robots":{"index":"index","follow":"follow","max-snippet":"max-snippet:-1","max-image-preview":"max-image-preview:large","max-video-preview":"max-video-preview:-1"},"canonical":"https:\/\/mws-group.pt\/en\/contacts\/","og_locale":"en_US","og_type":"article","og_title":"Contacts - MWS Group","og_description":"WordPress Google Maps Plugin Vougapark \u2013 Parque Tecnol\u00f3gico e de Inova\u00e7\u00e3o do VougaLugar da Esta\u00e7\u00e3o 3740-070 Paradela Sever do Vouga \u2013 Portugal Rua Sacadura Cabral n\u00ba 198A Edf. Liberdade, Loja 1 e 23830-719 Gaf. da Nazar\u00e9Aveiro \u2013 Portugal (+351) 234 597 294 (+351) 910 718 462 \/ (+351) 916 299 745 geral@mws-group.pt Contact us All &hellip;","og_url":"https:\/\/mws-group.pt\/en\/contacts\/","og_site_name":"MWS Group","article_modified_time":"2023-04-17T11:47:01+00:00","twitter_card":"summary_large_image","twitter_misc":{"Est. reading time":"1 minute"},"schema":{"@context":"https:\/\/schema.org","@graph":[{"@type":"WebPage","@id":"https:\/\/mws-group.pt\/en\/contacts\/","url":"https:\/\/mws-group.pt\/en\/contacts\/","name":"Contacts - MWS Group","isPartOf":{"@id":"https:\/\/mws-group.pt\/en\/#website"},"datePublished":"2021-10-14T10:31:51+00:00","dateModified":"2023-04-17T11:47:01+00:00","breadcrumb":{"@id":"https:\/\/mws-group.pt\/en\/contacts\/#breadcrumb"},"inLanguage":"en-US","potentialAction":[{"@type":"ReadAction","target":["https:\/\/mws-group.pt\/en\/contacts\/"]}]},{"@type":"BreadcrumbList","@id":"https:\/\/mws-group.pt\/en\/contacts\/#breadcrumb","itemListElement":[{"@type":"ListItem","position":1,"name":"In\u00edcio","item":"https:\/\/mws-group.pt\/en\/"},{"@type":"ListItem","position":2,"name":"Contacts"}]},{"@type":"WebSite","@id":"https:\/\/mws-group.pt\/en\/#website","url":"https:\/\/mws-group.pt\/en\/","name":"MWS Group","description":"","publisher":{"@id":"https:\/\/mws-group.pt\/en\/#organization"},"potentialAction":[{"@type":"SearchAction","target":{"@type":"EntryPoint","urlTemplate":"https:\/\/mws-group.pt\/en\/?s={search_term_string}"},"query-input":"required name=search_term_string"}],"inLanguage":"en-US"},{"@type":"Organization","@id":"https:\/\/mws-group.pt\/en\/#organization","name":"MWS Group","url":"https:\/\/mws-group.pt\/en\/","logo":{"@type":"ImageObject","inLanguage":"en-US","@id":"https:\/\/mws-group.pt\/en\/#\/schema\/logo\/image\/","url":"https:\/\/mws-group.pt\/wp-content\/uploads\/2016\/06\/MWS-Group_445x217.png","contentUrl":"https:\/\/mws-group.pt\/wp-content\/uploads\/2016\/06\/MWS-Group_445x217.png","width":445,"height":217,"caption":"MWS Group"},"image":{"@id":"https:\/\/mws-group.pt\/en\/#\/schema\/logo\/image\/"}}]}},"_links":{"self":[{"href":"https:\/\/mws-group.pt\/en\/wp-json\/wp\/v2\/pages\/3423"}],"collection":[{"href":"https:\/\/mws-group.pt\/en\/wp-json\/wp\/v2\/pages"}],"about":[{"href":"https:\/\/mws-group.pt\/en\/wp-json\/wp\/v2\/types\/page"}],"author":[{"embeddable":true,"href":"https:\/\/mws-group.pt\/en\/wp-json\/wp\/v2\/users\/12"}],"replies":[{"embeddable":true,"href":"https:\/\/mws-group.pt\/en\/wp-json\/wp\/v2\/comments?post=3423"}],"version-history":[{"count":17,"href":"https:\/\/mws-group.pt\/en\/wp-json\/wp\/v2\/pages\/3423\/revisions"}],"predecessor-version":[{"id":4439,"href":"https:\/\/mws-group.pt\/en\/wp-json\/wp\/v2\/pages\/3423\/revisions\/4439"}],"wp:attachment":[{"href":"https:\/\/mws-group.pt\/en\/wp-json\/wp\/v2\/media?parent=3423"}],"curies":[{"name":"wp","href":"https:\/\/api.w.org\/{rel}","templated":true}]}}